{"id":12364,"date":"2020-07-11T13:53:08","date_gmt":"2020-07-11T13:53:08","guid":{"rendered":"https:\/\/plt4way.com.br\/?page_id=12364"},"modified":"2020-08-11T09:20:03","modified_gmt":"2020-08-11T12:20:03","slug":"matricule-se","status":"publish","type":"page","link":"https:\/\/plt4way.com.br\/en\/matricule-se\/","title":{"rendered":"Formul\u00e1rio de Pr\u00e9 Matr\u00edcula"},"content":{"rendered":"<div data-elementor-type=\"wp-page\" data-elementor-id=\"12364\" class=\"elementor elementor-12364\">\n\t\t\t\t\t\t<div class=\"elementor-inner\">\n\t\t\t\t<div class=\"elementor-section-wrap\">\n\t\t\t\t\t\t\t\t\t<section class=\"elementor-section elementor-top-section elementor-element elementor-element-e450703 elementor-section-boxed elementor-section-height-default elementor-section-height-default\" data-id=\"e450703\" data-element_type=\"section\">\n\t\t\t\t\t\t<div class=\"elementor-container elementor-column-gap-default\">\n\t\t\t\t\t\t\t<div class=\"elementor-row\">\n\t\t\t\t\t<div class=\"elementor-column elementor-col-100 elementor-top-column elementor-element elementor-element-376e86d\" data-id=\"376e86d\" data-element_type=\"column\">\n\t\t\t<div class=\"elementor-column-wrap\">\n\t\t\t\t\t\t\t<div class=\"elementor-widget-wrap\">\n\t\t\t\t\t\t\t\t<\/div>\n\t\t\t\t\t<\/div>\n\t\t<\/div>\n\t\t\t\t\t\t\t\t<\/div>\n\t\t\t\t\t<\/div>\n\t\t<\/section>\n\t\t\t\t<section class=\"elementor-section elementor-top-section elementor-element elementor-element-6cdaa1f elementor-section-boxed elementor-section-height-default elementor-section-height-default\" data-id=\"6cdaa1f\" data-element_type=\"section\" data-settings=\"{&quot;background_background&quot;:&quot;classic&quot;}\">\n\t\t\t\t\t\t<div class=\"elementor-container elementor-column-gap-default\">\n\t\t\t\t\t\t\t<div class=\"elementor-row\">\n\t\t\t\t\t<div class=\"elementor-column elementor-col-100 elementor-top-column elementor-element elementor-element-f125bc2\" data-id=\"f125bc2\" data-element_type=\"column\">\n\t\t\t<div class=\"elementor-column-wrap elementor-element-populated\">\n\t\t\t\t\t\t\t<div class=\"elementor-widget-wrap\">\n\t\t\t\t\t\t<div class=\"elementor-element elementor-element-43f8335 elementor-widget elementor-widget-heading\" data-id=\"43f8335\" data-element_type=\"widget\" data-widget_type=\"heading.default\">\n\t\t\t\t<div class=\"elementor-widget-container\">\n\t\t\t<h2 class=\"elementor-heading-title elementor-size-default\">Pre-Registration Form<\/h2>\t\t<\/div>\n\t\t\t\t<\/div>\n\t\t\t\t<div class=\"elementor-element elementor-element-d232b12 elementor-widget elementor-widget-wp-widget-wpforms-widget\" data-id=\"d232b12\" data-element_type=\"widget\" data-widget_type=\"wp-widget-wpforms-widget.default\">\n\t\t\t\t<div class=\"elementor-widget-container\">\n\t\t\t<div class=\"wpforms-container wpforms-container-full\" id=\"wpforms-9481\"><form id=\"wpforms-form-9481\" class=\"wpforms-validate wpforms-form wpforms-ajax-form\" data-formid=\"9481\" method=\"post\" enctype=\"multipart\/form-data\" action=\"\/en\/wp-json\/wp\/v2\/pages\/12364\" data-token=\"1e013e127717045a9de0225c8ff01149\" data-trp-original-action=\"\/en\/wp-json\/wp\/v2\/pages\/12364\"><noscript class=\"wpforms-error-noscript\">Please enable JavaScript in your browser to complete this form.<\/noscript><div class=\"wpforms-field-container\"><div id=\"wpforms-9481-field_2-container\" class=\"wpforms-field wpforms-field-name\" data-field-id=\"2\"><label class=\"wpforms-field-label\" for=\"wpforms-9481-field_2\">Full name <span class=\"wpforms-required-label\">*<\/span><\/label><input type=\"text\" id=\"wpforms-9481-field_2\" class=\"wpforms-field-medium wpforms-field-required\" name=\"wpforms[fields][2]\" required><\/div><div id=\"wpforms-9481-field_5-container\" class=\"wpforms-field wpforms-field-radio wpforms-list-inline\" data-field-id=\"5\"><label class=\"wpforms-field-label\" for=\"wpforms-9481-field_5\">Qual a sua regi\u00e3o?<\/label><ul id=\"wpforms-9481-field_5\"><li class=\"choice-2 depth-1\"><input type=\"radio\" id=\"wpforms-9481-field_5_2\" name=\"wpforms[fields][5]\" value=\"Leste\"  ><label class=\"wpforms-field-label-inline\" for=\"wpforms-9481-field_5_2\">East<\/label><\/li><li class=\"choice-1 depth-1\"><input type=\"radio\" id=\"wpforms-9481-field_5_1\" name=\"wpforms[fields][5]\" value=\"Norte\"  ><label class=\"wpforms-field-label-inline\" for=\"wpforms-9481-field_5_1\">North<\/label><\/li><li class=\"choice-3 depth-1\"><input type=\"radio\" id=\"wpforms-9481-field_5_3\" name=\"wpforms[fields][5]\" value=\"Oeste\"  ><label class=\"wpforms-field-label-inline\" for=\"wpforms-9481-field_5_3\">West<\/label><\/li><li class=\"choice-4 depth-1\"><input type=\"radio\" id=\"wpforms-9481-field_5_4\" name=\"wpforms[fields][5]\" value=\"Sul\"  ><label class=\"wpforms-field-label-inline\" for=\"wpforms-9481-field_5_4\">South<\/label><\/li><\/ul><\/div><div id=\"wpforms-9481-field_7-container\" class=\"wpforms-field wpforms-field-text\" data-field-id=\"7\"><label class=\"wpforms-field-label\" for=\"wpforms-9481-field_7\">Occupation \/ Profession <span class=\"wpforms-required-label\">*<\/span><\/label><input type=\"text\" id=\"wpforms-9481-field_7\" class=\"wpforms-field-medium wpforms-field-required\" name=\"wpforms[fields][7]\" required><\/div><div id=\"wpforms-9481-field_8-container\" class=\"wpforms-field wpforms-field-text\" data-field-id=\"8\"><label class=\"wpforms-field-label\" for=\"wpforms-9481-field_8\">Number Phone \/ WhatsApp <span class=\"wpforms-required-label\">*<\/span><\/label><input type=\"text\" id=\"wpforms-9481-field_8\" class=\"wpforms-field-medium wpforms-field-required\" name=\"wpforms[fields][8]\" required><\/div><div id=\"wpforms-9481-field_1-container\" class=\"wpforms-field wpforms-field-email\" data-field-id=\"1\"><label class=\"wpforms-field-label\" for=\"wpforms-9481-field_1\">Email <span class=\"wpforms-required-label\">*<\/span><\/label><input type=\"email\" id=\"wpforms-9481-field_1\" class=\"wpforms-field-medium wpforms-field-required\" name=\"wpforms[fields][1]\" required><\/div><div id=\"wpforms-9481-field_4-container\" class=\"wpforms-field wpforms-field-number-slider\" data-field-id=\"4\"><label class=\"wpforms-field-label\" for=\"wpforms-9481-field_4\">Choose Plan<\/label>\n<input\n\ttype=\"range\"\n\tid=\"wpforms-9481-field_4\" class=\"wpforms-field-medium\" name=\"wpforms[fields][4]\" value=\"1\"\t\tmin=\"1\"\n\tmax=\"3\"\n\tstep=\"1\">\n\n<div class=\"wpforms-field-number-slider-hint\"\n\tdata-hint=\"Plano Selecionado: {value}\">\n\tSelected Plan: <b>1<\/b><\/div>\n<div class=\"wpforms-field-description\">Plan 1 - SILVER (R $ 100.00)<br>\r\nPlan 2 - GOLD (R $ 185.00)<br>\r\nPlano 3 - DIAMOND (R$300,00)<\/div><\/div><div id=\"wpforms-9481-field_10-container\" class=\"wpforms-field wpforms-field-radio wpforms-list-2-columns\" data-field-id=\"10\"><label class=\"wpforms-field-label\" for=\"wpforms-9481-field_10\">What is your proficiency level? <span class=\"wpforms-required-label\">*<\/span><\/label><ul id=\"wpforms-9481-field_10\" class=\"wpforms-field-required\"><li class=\"choice-5 depth-1\"><input type=\"radio\" id=\"wpforms-9481-field_10_5\" name=\"wpforms[fields][10]\" value=\"Iniciante\" required><label class=\"wpforms-field-label-inline\" for=\"wpforms-9481-field_10_5\">Beginner<\/label><\/li><li class=\"choice-2 depth-1\"><input type=\"radio\" id=\"wpforms-9481-field_10_2\" name=\"wpforms[fields][10]\" value=\"B\u00e1sico\" required><label class=\"wpforms-field-label-inline\" for=\"wpforms-9481-field_10_2\">Basic<\/label><\/li><li class=\"choice-1 depth-1\"><input type=\"radio\" id=\"wpforms-9481-field_10_1\" name=\"wpforms[fields][10]\" value=\"Intermedi\u00e1rio\" required><label class=\"wpforms-field-label-inline\" for=\"wpforms-9481-field_10_1\">Intermediary<\/label><\/li><li class=\"choice-3 depth-1\"><input type=\"radio\" id=\"wpforms-9481-field_10_3\" name=\"wpforms[fields][10]\" value=\"Avan\u00e7ado\" required><label class=\"wpforms-field-label-inline\" for=\"wpforms-9481-field_10_3\">Advanced<\/label><\/li><\/ul><\/div><div id=\"wpforms-9481-field_11-container\" class=\"wpforms-field wpforms-field-radio\" data-field-id=\"11\"><label class=\"wpforms-field-label\" for=\"wpforms-9481-field_11\">Por quanto tempo voc\u00ea j\u00e1 estudou ingl\u00eas? <span class=\"wpforms-required-label\">*<\/span><\/label><ul id=\"wpforms-9481-field_11\" class=\"wpforms-field-required\"><li class=\"choice-5 depth-1\"><input type=\"radio\" id=\"wpforms-9481-field_11_5\" name=\"wpforms[fields][11]\" value=\"Nunca estudei\" required><label class=\"wpforms-field-label-inline\" for=\"wpforms-9481-field_11_5\">Never studied<\/label><\/li><li class=\"choice-2 depth-1\"><input type=\"radio\" id=\"wpforms-9481-field_11_2\" name=\"wpforms[fields][11]\" value=\"Menos de 1 ano\" required><label class=\"wpforms-field-label-inline\" for=\"wpforms-9481-field_11_2\">Less than 1 year<\/label><\/li><li class=\"choice-1 depth-1\"><input type=\"radio\" id=\"wpforms-9481-field_11_1\" name=\"wpforms[fields][11]\" value=\"De 1 a 3 anos\" required><label class=\"wpforms-field-label-inline\" for=\"wpforms-9481-field_11_1\">From 1 to 3 years old<\/label><\/li><li class=\"choice-3 depth-1\"><input type=\"radio\" id=\"wpforms-9481-field_11_3\" name=\"wpforms[fields][11]\" value=\"Mais de 3 anos\" required><label class=\"wpforms-field-label-inline\" for=\"wpforms-9481-field_11_3\">More than 3 years<\/label><\/li><\/ul><\/div><div id=\"wpforms-9481-field_6-container\" class=\"wpforms-field wpforms-field-checkbox\" data-field-id=\"6\"><label class=\"wpforms-field-label\" for=\"wpforms-9481-field_6\">What learning methods have you practiced?<\/label><ul id=\"wpforms-9481-field_6\"><li class=\"choice-2 depth-1\"><input type=\"checkbox\" id=\"wpforms-9481-field_6_2\" name=\"wpforms[fields][6][]\" value=\"Aula individual com professor particular\"  ><label class=\"wpforms-field-label-inline\" for=\"wpforms-9481-field_6_2\">Individual lesson with private teacher<\/label><\/li><li class=\"choice-3 depth-1\"><input type=\"checkbox\" id=\"wpforms-9481-field_6_3\" name=\"wpforms[fields][6][]\" value=\"Curso em escola de idiomas\"  ><label class=\"wpforms-field-label-inline\" for=\"wpforms-9481-field_6_3\">Language school course<\/label><\/li><li class=\"choice-5 depth-1\"><input type=\"checkbox\" id=\"wpforms-9481-field_6_5\" name=\"wpforms[fields][6][]\" value=\"Curso online (\u00e0 dist\u00e2ncia)\"  ><label class=\"wpforms-field-label-inline\" for=\"wpforms-9481-field_6_5\">Online course (distance learning)<\/label><\/li><li class=\"choice-4 depth-1\"><input type=\"checkbox\" id=\"wpforms-9481-field_6_4\" name=\"wpforms[fields][6][]\" value=\"Autodidata (estudar sozinho pelo Youtube, sites, livros e etc)\"  ><label class=\"wpforms-field-label-inline\" for=\"wpforms-9481-field_6_4\">Self-taught (studying alone on Youtube, websites, books, etc.)<\/label><\/li><\/ul><\/div><div id=\"wpforms-9481-field_12-container\" class=\"wpforms-field wpforms-field-checkbox\" data-field-id=\"12\"><label class=\"wpforms-field-label\" for=\"wpforms-9481-field_12\">What are the biggest difficulties you had \/ have to learn English?<\/label><ul id=\"wpforms-9481-field_12\"><li class=\"choice-2 depth-1\"><input type=\"checkbox\" id=\"wpforms-9481-field_12_2\" name=\"wpforms[fields][12][]\" value=\"Dificuldade na aprendizagem \/ n\u00e3o conseguir pensar em ingl\u00eas\"  ><label class=\"wpforms-field-label-inline\" for=\"wpforms-9481-field_12_2\">Learning difficulties \/ not being able to think in English<\/label><\/li><li class=\"choice-3 depth-1\"><input type=\"checkbox\" id=\"wpforms-9481-field_12_3\" name=\"wpforms[fields][12][]\" value=\"Falta de motiva\u00e7\u00e3o por n\u00e3o ver evolu\u00e7\u00e3o\/progresso\"  ><label class=\"wpforms-field-label-inline\" for=\"wpforms-9481-field_12_3\">Lack of motivation for not seeing progress \/ progress<\/label><\/li><li class=\"choice-5 depth-1\"><input type=\"checkbox\" id=\"wpforms-9481-field_12_5\" name=\"wpforms[fields][12][]\" value=\"Os cursos s\u00e3o muito caros\"  ><label class=\"wpforms-field-label-inline\" for=\"wpforms-9481-field_12_5\">Courses are very expensive<\/label><\/li><li class=\"choice-4 depth-1\"><input type=\"checkbox\" id=\"wpforms-9481-field_12_4\" name=\"wpforms[fields][12][]\" value=\"Inseguran\u00e7a \/ vergonha \/ timidez \/ medo de falar\"  ><label class=\"wpforms-field-label-inline\" for=\"wpforms-9481-field_12_4\">Insecurity \/ shame \/ shyness \/ fear of speaking<\/label><\/li><\/ul><\/div><div id=\"wpforms-9481-field_0-container\" class=\"wpforms-field wpforms-field-textarea\" data-field-id=\"0\"><label class=\"wpforms-field-label\" for=\"wpforms-9481-field_0\">Why do you want to be fluent in English?<\/label><textarea id=\"wpforms-9481-field_0\" class=\"wpforms-field-small\" name=\"wpforms[fields][0]\" ><\/textarea><\/div><div id=\"wpforms-9481-field_13-container\" class=\"wpforms-field wpforms-field-radio wpforms-list-inline\" data-field-id=\"13\"><label class=\"wpforms-field-label\" for=\"wpforms-9481-field_13\">How did you hear about our school?<\/label><ul id=\"wpforms-9481-field_13\" class=\"wpforms-image-choices wpforms-image-choices-modern\"><li class=\"choice-7 depth-1 wpforms-image-choices-item\"><label class=\"wpforms-field-label-inline\" for=\"wpforms-9481-field_13_7\" tabindex=\"0\"><span class=\"wpforms-image-choices-image\"><img src=\"https:\/\/plt4way.com.br\/wp-content\/uploads\/2021\/03\/Morumbi.png\" alt=\"Universidade Morumbi\" title=\"Universidade Morumbi\"><\/span><input type=\"radio\" id=\"wpforms-9481-field_13_7\" class=\"wpforms-screen-reader-element\" name=\"wpforms[fields][13]\" value=\"Universidade Morumbi\" tabindex=\"-1\"  ><span class=\"wpforms-image-choices-label\">Universidade Morumbi<\/span><\/label><\/li><li class=\"choice-10 depth-1 wpforms-image-choices-item\"><label class=\"wpforms-field-label-inline\" for=\"wpforms-9481-field_13_10\" tabindex=\"0\"><span class=\"wpforms-image-choices-image\"><img src=\"https:\/\/plt4way.com.br\/wp-content\/uploads\/2021\/03\/Shark-Tank.png\" alt=\"Shark Tank\" title=\"Shark Tank\"><\/span><input type=\"radio\" id=\"wpforms-9481-field_13_10\" class=\"wpforms-screen-reader-element\" name=\"wpforms[fields][13]\" value=\"Shark Tank\" tabindex=\"-1\"  ><span class=\"wpforms-image-choices-label\">Shark Tank<\/span><\/label><\/li><li class=\"choice-1 depth-1 wpforms-image-choices-item\"><label class=\"wpforms-field-label-inline\" for=\"wpforms-9481-field_13_1\" tabindex=\"0\"><span class=\"wpforms-image-choices-image\"><img src=\"https:\/\/plt4way.com.br\/wp-content\/uploads\/2020\/07\/PLT4WAY-Form-Vivo-Valoriza.jpg\" alt=\"Vivo Valoriza\" title=\"Vivo Valoriza\"><\/span><input type=\"radio\" id=\"wpforms-9481-field_13_1\" class=\"wpforms-screen-reader-element\" name=\"wpforms[fields][13]\" value=\"Vivo Valoriza\" tabindex=\"-1\"  ><span class=\"wpforms-image-choices-label\">Vivo Valoriza<\/span><\/label><\/li><li class=\"choice-5 depth-1 wpforms-image-choices-item\"><label class=\"wpforms-field-label-inline\" for=\"wpforms-9481-field_13_5\" tabindex=\"0\"><span class=\"wpforms-image-choices-image\"><img src=\"https:\/\/plt4way.com.br\/wp-content\/uploads\/2020\/07\/PLT4WAY-Form-Quero-Bolsa.jpg\" alt=\"Quero Bolsa\" title=\"Quero Bolsa\"><\/span><input type=\"radio\" id=\"wpforms-9481-field_13_5\" class=\"wpforms-screen-reader-element\" name=\"wpforms[fields][13]\" value=\"Quero Bolsa\" tabindex=\"-1\"  ><span class=\"wpforms-image-choices-label\">Quero Bolsa<\/span><\/label><\/li><li class=\"choice-4 depth-1 wpforms-image-choices-item\"><label class=\"wpforms-field-label-inline\" for=\"wpforms-9481-field_13_4\" tabindex=\"0\"><span class=\"wpforms-image-choices-image\"><img src=\"https:\/\/plt4way.com.br\/wp-content\/uploads\/2020\/07\/PLT4WAY-Form-Indica\u00e7\u00e3o-de-um-Amigo.jpg\" alt=\"Indica\u00e7\u00e3o\" title=\"Recommendation\"><\/span><input type=\"radio\" id=\"wpforms-9481-field_13_4\" class=\"wpforms-screen-reader-element\" name=\"wpforms[fields][13]\" value=\"Indica\u00e7\u00e3o\" tabindex=\"-1\"  ><span class=\"wpforms-image-choices-label\">Recommendation<\/span><\/label><\/li><li class=\"choice-9 depth-1 wpforms-image-choices-item\"><label class=\"wpforms-field-label-inline\" for=\"wpforms-9481-field_13_9\" tabindex=\"0\"><span class=\"wpforms-image-choices-image\"><img src=\"https:\/\/plt4way.com.br\/wp-content\/uploads\/2021\/03\/Google.png\" alt=\"Pesquisas Google\" title=\"Pesquisas Google\"><\/span><input type=\"radio\" id=\"wpforms-9481-field_13_9\" class=\"wpforms-screen-reader-element\" name=\"wpforms[fields][13]\" value=\"Pesquisas Google\" tabindex=\"-1\"  ><span class=\"wpforms-image-choices-label\">Pesquisas Google<\/span><\/label><\/li><li class=\"choice-3 depth-1 wpforms-image-choices-item\"><label class=\"wpforms-field-label-inline\" for=\"wpforms-9481-field_13_3\" tabindex=\"0\"><span class=\"wpforms-image-choices-image\"><img src=\"https:\/\/plt4way.com.br\/wp-content\/uploads\/2020\/07\/PLT4WAY-Form-Redes-Sociais.png\" alt=\"Redes Sociais\" title=\"Social Media\"><\/span><input type=\"radio\" id=\"wpforms-9481-field_13_3\" class=\"wpforms-screen-reader-element\" name=\"wpforms[fields][13]\" value=\"Redes Sociais\" tabindex=\"-1\"  ><span class=\"wpforms-image-choices-label\">Social Media<\/span><\/label><\/li><\/ul><\/div><\/div><div class=\"wpforms-field wpforms-field-hp\"><label for=\"wpforms-9481-field-hp\" class=\"wpforms-field-label\">Email<\/label><input type=\"text\" name=\"wpforms[hp]\" id=\"wpforms-9481-field-hp\" class=\"wpforms-field-medium\"><\/div><div class=\"wpforms-submit-container\"><input type=\"hidden\" name=\"wpforms[id]\" value=\"9481\"><input type=\"hidden\" name=\"wpforms[author]\" value=\"1\"><button type=\"submit\" name=\"wpforms[submit]\" id=\"wpforms-submit-9481\" class=\"wpforms-submit\" aria-live=\"assertive\" value=\"wpforms-submit\">Submit<\/button><img loading=\"lazy\" src=\"https:\/\/plt4way.com.br\/wp-content\/plugins\/wpforms-lite\/assets\/images\/submit-spin.svg\" class=\"wpforms-submit-spinner\" style=\"display: none;\" width=\"26\" height=\"26\" alt=\"Loading\"><\/div><input type=\"hidden\" name=\"trp-form-language\" value=\"en\"\/><\/form><\/div>  <!-- .wpforms-container -->\t\t<\/div>\n\t\t\t\t<\/div>\n\t\t\t\t\t\t<\/div>\n\t\t\t\t\t<\/div>\n\t\t<\/div>\n\t\t\t\t\t\t\t\t<\/div>\n\t\t\t\t\t<\/div>\n\t\t<\/section>\n\t\t\t\t<section class=\"elementor-section elementor-top-section elementor-element elementor-element-e4c3a71 elementor-section-content-middle elementor-section-boxed elementor-section-height-default elementor-section-height-default\" data-id=\"e4c3a71\" data-element_type=\"section\" data-settings=\"{&quot;background_background&quot;:&quot;classic&quot;}\">\n\t\t\t\t\t\t<div class=\"elementor-container elementor-column-gap-default\">\n\t\t\t\t\t\t\t<div class=\"elementor-row\">\n\t\t\t\t\t<div class=\"elementor-column elementor-col-100 elementor-top-column elementor-element elementor-element-c62fd5e\" data-id=\"c62fd5e\" data-element_type=\"column\">\n\t\t\t<div class=\"elementor-column-wrap\">\n\t\t\t\t\t\t\t<div class=\"elementor-widget-wrap\">\n\t\t\t\t\t\t\t\t<\/div>\n\t\t\t\t\t<\/div>\n\t\t<\/div>\n\t\t\t\t\t\t\t\t<\/div>\n\t\t\t\t\t<\/div>\n\t\t<\/section>\n\t\t\t\t\t\t\t\t\t<\/div>\n\t\t\t<\/div>\n\t\t\t\t\t<\/div>","protected":false},"excerpt":{"rendered":"","protected":false},"author":1,"featured_media":0,"parent":0,"menu_order":0,"comment_status":"closed","ping_status":"closed","template":"elementor_header_footer","meta":[],"_links":{"self":[{"href":"https:\/\/plt4way.com.br\/en\/wp-json\/wp\/v2\/pages\/12364"}],"collection":[{"href":"https:\/\/plt4way.com.br\/en\/wp-json\/wp\/v2\/pages"}],"about":[{"href":"https:\/\/plt4way.com.br\/en\/wp-json\/wp\/v2\/types\/page"}],"author":[{"embeddable":true,"href":"https:\/\/plt4way.com.br\/en\/wp-json\/wp\/v2\/users\/1"}],"replies":[{"embeddable":true,"href":"https:\/\/plt4way.com.br\/en\/wp-json\/wp\/v2\/comments?post=12364"}],"version-history":[{"count":0,"href":"https:\/\/plt4way.com.br\/en\/wp-json\/wp\/v2\/pages\/12364\/revisions"}],"wp:attachment":[{"href":"https:\/\/plt4way.com.br\/en\/wp-json\/wp\/v2\/media?parent=12364"}],"curies":[{"name":"wp","href":"https:\/\/api.w.org\/{rel}","templated":true}]}}