{"id":13883,"date":"2021-05-18T15:06:57","date_gmt":"2021-05-18T18:06:57","guid":{"rendered":"https:\/\/plt4way.com.br\/?page_id=13883"},"modified":"2021-05-18T15:16:49","modified_gmt":"2021-05-18T18:16:49","slug":"politicas-de-privacidade","status":"publish","type":"page","link":"https:\/\/plt4way.com.br\/en\/politicas-de-privacidade\/","title":{"rendered":"Politicas de Privacidade"},"content":{"rendered":"<div data-elementor-type=\"wp-page\" data-elementor-id=\"13883\" class=\"elementor elementor-13883\">\n\t\t\t\t\t\t<div class=\"elementor-inner\">\n\t\t\t\t<div class=\"elementor-section-wrap\">\n\t\t\t\t\t\t\t\t\t<section class=\"elementor-section elementor-top-section elementor-element elementor-element-9e87562 elementor-section-boxed elementor-section-height-default elementor-section-height-default\" data-id=\"9e87562\" data-element_type=\"section\">\n\t\t\t\t\t\t<div class=\"elementor-container elementor-column-gap-default\">\n\t\t\t\t\t\t\t<div class=\"elementor-row\">\n\t\t\t\t\t\t\t\t\t<\/div>\n\t\t\t\t\t<\/div>\n\t\t<\/section>\n\t\t\t\t<section class=\"elementor-section elementor-top-section elementor-element elementor-element-76bf147 elementor-section-boxed elementor-section-height-default elementor-section-height-default\" data-id=\"76bf147\" data-element_type=\"section\" data-settings=\"{&quot;background_background&quot;:&quot;classic&quot;}\">\n\t\t\t\t\t\t<div class=\"elementor-container elementor-column-gap-default\">\n\t\t\t\t\t\t\t<div class=\"elementor-row\">\n\t\t\t\t\t<div class=\"elementor-column elementor-col-100 elementor-top-column elementor-element elementor-element-43132dd5\" data-id=\"43132dd5\" data-element_type=\"column\">\n\t\t\t<div class=\"elementor-column-wrap elementor-element-populated\">\n\t\t\t\t\t\t\t<div class=\"elementor-widget-wrap\">\n\t\t\t\t\t\t<div class=\"elementor-element elementor-element-1810762 elementor-widget elementor-widget-heading\" data-id=\"1810762\" data-element_type=\"widget\" data-widget_type=\"heading.default\">\n\t\t\t\t<div class=\"elementor-widget-container\">\n\t\t\t<h2 class=\"elementor-heading-title elementor-size-default\">Pol\u00edtica de Privacidade<\/h2>\t\t<\/div>\n\t\t\t\t<\/div>\n\t\t\t\t<div class=\"elementor-element elementor-element-5b1c68b0 elementor-widget elementor-widget-text-editor\" data-id=\"5b1c68b0\" data-element_type=\"widget\" data-widget_type=\"text-editor.default\">\n\t\t\t\t<div class=\"elementor-widget-container\">\n\t\t\t\t\t\t\t\t<div class=\"elementor-text-editor elementor-clearfix\">\n\t\t\t\t<!-- wp:paragraph -->\n<p>Para fins de preserva\u00e7\u00e3o da privacidade e dos dados do contrato e do aluno (quando este n\u00e3o for o contratante), a PLT4WAY fica desde j\u00e1 autorizada e se compromete a realizar o tratamento de dados pessoais de acordo com as disposi\u00e7\u00f5es legais vigentes, em particular, nos moldes da Lei 13.709\/2018, Lei Geral de Prote\u00e7\u00e3o de Dados Pessoais (LGPD), mais especificamente: <\/p>\n<!-- \/wp:paragraph -->\n\n<!-- wp:paragraph -->\n<p>a) A usar os dados pessoais do contratante nos termos legalmente permitidos, em especial recolhendo, registrando, organizando, conservando, consultando ou transmitindo os mesmos, apenas e somente nos casos em que o seu titular tenha dado o consentimento inequ\u00edvoco ou nos restantes legalmente previstos; <\/p>\n<!-- \/wp:paragraph -->\n\n<!-- wp:paragraph -->\n<p>b) Tratar os dados de modo compat\u00edvel com as finalidades para os quais tenham sido recolhidos; <\/p>\n<!-- \/wp:paragraph -->\n\n<!-- wp:paragraph -->\n<p>c) Conservar os dados apenas durante o per\u00edodo necess\u00e1rio \u00e0 consecu\u00e7\u00e3o das finalidades da recolha ou do tratamento posterior, garantindo a sua confidencialidade; <\/p>\n<!-- \/wp:paragraph -->\n\n<!-- wp:paragraph -->\n<p>d) Implementar medidas t\u00e9cnicas necess\u00e1rias a proteger os dados contra a destrui\u00e7\u00e3o, acidental ou il\u00edcita, a perda acidental, a altera\u00e7\u00e3o, a difus\u00e3o ou o acesso n\u00e3o autorizado, bem como contra qualquer outra forma de tratamento il\u00edcito dos mesmos; <\/p>\n<!-- \/wp:paragraph -->\n\n<!-- wp:paragraph -->\n<p>e) Informar imediatamente o contratante, devendo prestar toda a colabora\u00e7\u00e3o necess\u00e1ria a qualquer investiga\u00e7\u00e3o que venha a ser realizada, caso exista alguma quebra de seguran\u00e7a, ou suspeita da mesma; <\/p>\n<!-- \/wp:paragraph -->\n\n<!-- wp:paragraph -->\n<p>f) Garantir o exerc\u00edcio de informa\u00e7\u00e3o, acesso e oposi\u00e7\u00e3o ao contratante e excluir os dados de sua base quando isso lhe for solicitado por escrito pelo contratante.<\/p>\n<!-- \/wp:paragraph -->\t\t\t\t\t<\/div>\n\t\t\t\t\t\t<\/div>\n\t\t\t\t<\/div>\n\t\t\t\t\t\t<\/div>\n\t\t\t\t\t<\/div>\n\t\t<\/div>\n\t\t\t\t\t\t\t\t<\/div>\n\t\t\t\t\t<\/div>\n\t\t<\/section>\n\t\t\t\t\t\t\t\t\t<\/div>\n\t\t\t<\/div>\n\t\t\t\t\t<\/div>","protected":false},"excerpt":{"rendered":"","protected":false},"author":1,"featured_media":0,"parent":0,"menu_order":0,"comment_status":"closed","ping_status":"closed","template":"elementor_header_footer","meta":[],"_links":{"self":[{"href":"https:\/\/plt4way.com.br\/en\/wp-json\/wp\/v2\/pages\/13883"}],"collection":[{"href":"https:\/\/plt4way.com.br\/en\/wp-json\/wp\/v2\/pages"}],"about":[{"href":"https:\/\/plt4way.com.br\/en\/wp-json\/wp\/v2\/types\/page"}],"author":[{"embeddable":true,"href":"https:\/\/plt4way.com.br\/en\/wp-json\/wp\/v2\/users\/1"}],"replies":[{"embeddable":true,"href":"https:\/\/plt4way.com.br\/en\/wp-json\/wp\/v2\/comments?post=13883"}],"version-history":[{"count":7,"href":"https:\/\/plt4way.com.br\/en\/wp-json\/wp\/v2\/pages\/13883\/revisions"}],"predecessor-version":[{"id":13895,"href":"https:\/\/plt4way.com.br\/en\/wp-json\/wp\/v2\/pages\/13883\/revisions\/13895"}],"wp:attachment":[{"href":"https:\/\/plt4way.com.br\/en\/wp-json\/wp\/v2\/media?parent=13883"}],"curies":[{"name":"wp","href":"https:\/\/api.w.org\/{rel}","templated":true}]}}